{"id":1131,"date":"2024-09-16T10:52:12","date_gmt":"2024-09-16T08:52:12","guid":{"rendered":"https:\/\/visitbuger.com\/politica-de-cookies\/"},"modified":"2024-09-16T10:55:41","modified_gmt":"2024-09-16T08:55:41","slug":"politica-de-cookies","status":"publish","type":"page","link":"https:\/\/visitbuger.com\/es\/politica-de-cookies\/","title":{"rendered":"Pol\u00edtica de cookies"},"content":{"rendered":"\t\t<div data-elementor-type=\"wp-page\" data-elementor-id=\"1131\" class=\"elementor elementor-1131 elementor-1122\" data-elementor-post-type=\"page\">\n\t\t\t\t<div class=\"elementor-element elementor-element-1906469 e-flex e-con-boxed e-con e-parent\" data-id=\"1906469\" data-element_type=\"container\">\n\t\t\t\t\t<div class=\"e-con-inner\">\n\t\t\t\t<div class=\"elementor-element elementor-element-05c1cb8 elementor-widget elementor-widget-heading\" data-id=\"05c1cb8\" data-element_type=\"widget\" data-widget_type=\"heading.default\">\n\t\t\t\t<div class=\"elementor-widget-container\">\n\t\t\t\t\t<h2 class=\"elementor-heading-title elementor-size-default\">Pol\u00edtica de cookies<\/h2>\t\t\t\t<\/div>\n\t\t\t\t<\/div>\n\t\t\t\t<div class=\"elementor-element elementor-element-ae89410 elementor-widget elementor-widget-text-editor\" data-id=\"ae89410\" data-element_type=\"widget\" data-widget_type=\"text-editor.default\">\n\t\t\t\t<div class=\"elementor-widget-container\">\n\t\t\t\t\t\t\t\t\t<p>INFORMACI\u00d3N SOBRE COOKIES<br \/> Conforme con la Ley 34\/2002, de 11 de julio, de servicios de la sociedad de la informaci\u00f3n y de comercio electr\u00f3nico (LSSI), en relaci\u00f3n con el Reglamento (UE) 2016\/679 del Parlamento Europeo y del Consejo, de 27 de abril de 2016, General de Protecci\u00f3n de Datos (GDPR) y la Ley Org\u00e1nica 3\/2018, de 5 de diciembre, de Protecci\u00f3n de Datos y Garant\u00eda de los Derechos Digitales (LOPDGDD), es obligado obtener el consentimiento expreso del usuario de todas las p\u00e1ginas web que usan cookies prescindibles, antes de que \u00e9ste navegue por ellas.<br \/>\u00bfQU\u00c9 SON LAS COOKIES?<br \/>Las cookies y otras tecnolog\u00edas similares como local shared objects, flash cookies o p\u00edxeles, son herramientas utilizadas por los servidores web para almacenar y recuperar informaci\u00f3n sobre sus visitantes, as\u00ed como para ofrecer un correcto funcionamiento del sitio.<br \/>Mediante el uso de estos dispositivos se permite al servidor Web recordar algunos datos concernientes al usuario, como sus preferencias para la visualizaci\u00f3n de las p\u00e1ginas de ese servidor, nombre y contrase\u00f1a, productos que m\u00e1s le interesan, etc.<br \/>COOKIES AFECTADAS POR LA NORMATIVA Y COOKIES EXCEPTUADAS<br \/> Seg\u00fan la directiva de la UE, las cookies que requieren el consentimiento informado por parte del usuario son las cookies de anal\u00edtica y las de publicidad y afiliaci\u00f3n, quedando exceptuadas las de car\u00e1cter t\u00e9cnico y las necesarias para el funcionamiento del sitio web o la prestaci\u00f3n de servicios expresamente solicitados por el usuario.<br \/>TIPO DE COOKIES<br \/> SEG\u00daN LA FINALIDAD<br \/> Cookies t\u00e9cnicas y funcionales: son aquellas que permiten al usuario la navegaci\u00f3n a trav\u00e9s de una p\u00e1gina web, plataforma o aplicaci\u00f3n y la utilizaci\u00f3n de las diferentes opciones o servicios existentes.<br \/>Cookies anal\u00edticas: son aquellas que permiten al responsable de las mismas el seguimiento y an\u00e1lisis del comportamiento de los usuarios de los sitios web a los que est\u00e1n vinculadas. La informaci\u00f3n recogida mediante este tipo de cookies se utiliza en la medici\u00f3n de la actividad de los sitios web, la aplicaci\u00f3n o la plataforma y para la elaboraci\u00f3n de perfiles de navegaci\u00f3n de los usuarios de estos sitios, aplicaciones y plataformas, por introducir mejoras en funci\u00f3n del an\u00e1lisis de los datos de uso que realizan los usuarios del servicio. <br \/>Cookies publicitarias: son aquellas que permiten la gesti\u00f3n, de la forma m\u00e1s eficaz posible, de los espacios publicitarios que, en su caso, el editor haya incluido en una p\u00e1gina web, aplicaci\u00f3n o plataforma desde la que presta el servicio solicitado seg\u00fan criterios como el contenido editado o la frecuencia en la que se muestran los anuncios.<br \/>Cookies de publicidad comportamental: recogen informaci\u00f3n sobre las preferencias y elecciones personales del usuario (retargeting) para permitir la gesti\u00f3n, de la forma m\u00e1s eficaz posible, de los espacios publicitarios que, en su caso, el editor haya incluido en una p\u00e1gina web, aplicaci\u00f3n o plataforma desde la que presta el servicio solicitado.<br \/>Cookies sociales: son establecidas por las plataformas de redes sociales en los servicios para permitir compartir contenido con sus amigos y redes. Las plataformas de medios sociales tienen la capacidad de rastrear su actividad online fuera de los servicios. Esto puede afectar al contenido y mensajes que ve en otros servicios que visite.  <br \/>Cookies de afiliados: permiten realizar un seguimiento de las visitas procedentes de otras webs, con las que el sitio web establece un contrato de afiliaci\u00f3n (empresas de afiliaci\u00f3n).<br \/>Cookies de seguridad: almacenan informaci\u00f3n cifrada para evitar que los datos guardados en ellos sean<br \/> vulnerables a ataques maliciosos de terceros.<br \/>SEG\u00daN LA PROPIEDAD<br \/> Cookies propias: son las que se env\u00edan al equipo terminal del usuario desde un equipo o dominio gestionado por el propio editor y desde el que se presta el servicio solicitado por el usuario.<br \/>Cookies de terceros: son aquellas que se env\u00edan al equipo terminal del usuario desde un equipo o dominio que no es gestionado por el editor, sino por otra entidad que trata los datos obtenidos a trav\u00e9s de las cookies .<br \/>SEG\u00daN EL PLAZO DE CONSERVACI\u00d3N<br \/> Cookies de sesi\u00f3n: son un tipo de cookies dise\u00f1adas para pedir y almacenar datos mientras el usuario accede a una p\u00e1gina web.<br \/>Cookies persistente: son un tipo de cookies en las que los datos siguen almacenados en el terminal y pueden ser accedidos y tratados durante un per\u00edodo definido por el responsable de la cookie, y que puede ir de unos minutos a varios a\u00f1os.<br \/>TRATAMIENTO DE DATOS PERSONALES<br \/> ROSES STUDIO es el Responsable del tratamiento de los datos personales de los interesados \u200b\u200by le informa que estos datos ser\u00e1n tratados de conformidad con lo dispuesto en el Reglamento (UE) 2016\/679, de 27 de abril de 2016 (GDPR), por la que cosa se le facilita la siguiente informaci\u00f3n del tratamiento:<br \/> Fines del tratamiento: seg\u00fan se especifica en el apartado de cookies que se utilizan en este sitio web.<br \/>Legitimaci\u00f3n del tratamiento: salvo en los casos en que sea necesario para la navegaci\u00f3n por la web, por consentimiento del interesado (art. 6.1.a GDPR).<br \/>Criterios de conservaci\u00f3n de los datos: seg\u00fan se especifica en el apartado de cookies utilizadas en la web.<br \/>Comunicaci\u00f3n de los datos: no se comunicar\u00e1n los datos a terceros, salvo en cookies propiedad de terceros o por obligaci\u00f3n legal.<br \/>Derechos que asisten al interesado:<br \/> Derecho a retirar su consentimiento en cualquier momento.<br \/>Derecho de acceso, rectificaci\u00f3n, portabilidad y supresi\u00f3n de sus datos, y de limitaci\u00f3n u oposici\u00f3n al tratamiento.<br \/>Derecho a presentar una reclamaci\u00f3n ante la Autoridad de control (www.aepd.es) si considera que el tratamiento no se ajusta a la normativa vigente.<br \/>Datos de contacto para ejercer sus derechos:<br \/> PLAZA CONSTITUCI\u00d3N, 1, 07311. B\u00daGER (Illes Balears)<br \/> Correo electr\u00f3nico: consultasjuridico@audidat.com<br \/> COOKIES UTILIZADAS EN ESTE SITIO WEB<br \/> Propiedad<br \/> Galleta<br \/> Finalidad<br \/> Plazo<br \/> visitbuger.com <\/p>\n<p>_ga_WCPKH74E83<br \/> Cookie necesaria para la utilizaci\u00f3n de las opciones y servicios del sitio web<br \/> en un a\u00f1o<br \/> visitbuger.com<\/p>\n<p>cmplz_banner-status<br \/> Cookie necesaria para la utilizaci\u00f3n de las opciones y servicios del sitio web<br \/> en un a\u00f1o<br \/> visitbuger.com<\/p>\n<p>cmplz_policy_id<br \/> Cookie necesaria para la utilizaci\u00f3n de las opciones y servicios del sitio web<br \/> en un a\u00f1o<br \/> visitbuger.com<\/p>\n<p>pll_language<br \/> Cookie necesaria para la utilizaci\u00f3n de las opciones y servicios del sitio web<br \/> en un a\u00f1o<br \/> region1.google-analytics.com<br \/> ar_debug<br \/> Cookie necesaria para la utilizaci\u00f3n de las opciones y servicios del sitio web<br \/> en 3 meses<\/p>\n<p>Propiedad<br \/> Galleta<br \/> Finalidad<br \/> Plazo<br \/> Google Analytics<br \/> _ga<br \/> ID utiliza para identificar a los usuarios<br \/> en un a\u00f1o<\/p>\n<p>Los servicios de terceros son ajenos al control del editor. Los proveedores pueden modificar en todo momento las condiciones de servicio, finalidad y utilizaci\u00f3n de cookies, etc.<br \/> Proveedores externos de este sitio web:<br \/> Editor<br \/> Pol\u00edtica de privacidad<br \/> Google Analytics<br \/> https:\/\/privacy.google.com\/take-control.html <\/p>\n<p>Desde este panel podr\u00e1 configurar las cookies que el sitio web puede instalar en su navegador, excepto las cookies t\u00e9cnicas o funcionales que son necesarias para la navegaci\u00f3n y la utilizaci\u00f3n de las diferentes opciones o servicios que se ofrecen.<br \/>Panel de galletas<br \/> C\u00d3MO GESTIONAR LAS COOKIES DESDE EL NAVEGADOR<br \/> Eliminar las cookies del dispositivo<br \/> Las cookies que ya est\u00e1n en un dispositivo se pueden eliminar borrando el historial del navegador, de forma que se suprimen las cookies de todos los sitios web visitados.<br \/>Sin embargo, tambi\u00e9n puede perder parte de la informaci\u00f3n guardada (por ejemplo, los datos de inicio de sesi\u00f3n o las preferencias de sitio web).<br \/>Gestionar las cookies espec\u00edficas del sitio<br \/> Para tener un control m\u00e1s preciso de las cookies espec\u00edficas de cada sitio, los usuarios pueden ajustar su configuraci\u00f3n de privacidad y cookies en el navegador.<br \/>Bloquear las cookies<br \/> Aunque la mayor\u00eda de los navegadores modernos se pueden configurar para evitar que se instalen cookies en los dispositivos, esto puede obligar al ajuste manual de determinadas preferencias cada vez que se visite un sitio o p\u00e1gina. Algunos servicios y caracter\u00edsticas pueden no funcionar correctamente (por ejemplo, los inicios de sesi\u00f3n con perfil). <\/p>\n<p>C\u00d3MO ELIMINAR LAS COOKIES M\u00c1S COMUNES<br \/> Chrome<br \/> http:\/\/support.google.com\/chrome\/answer\/95647?hl=es<br \/> Edge<br \/> https:\/\/support.microsoft.com\/es-es\/microsoft-edge\/eliminar-las-cookies-en-microsoft-edge-63947406-40ac-c3b8-57b9-2a946a29ae09<br \/> Explorador<br \/> https:\/\/support.microsoft.com\/es-es\/help\/278835\/how-to-delete-cookie-files-in-internet-explorer<br \/> Firefox<br \/> https:\/\/www.mozilla.org\/es-ES\/privacy\/websites\/#cookies<br \/> Safari<br \/> https:\/\/support.apple.com\/es-es\/guide\/safari\/sfri11471\/mac<br \/> \u00d3pera<br \/> https:\/\/help.opera.com\/en\/latest\/security-and-privacy\/#clearBrowsingData<\/p>\n\t\t\t\t\t\t\t\t<\/div>\n\t\t\t\t<\/div>\n\t\t\t\t\t<\/div>\n\t\t\t\t<\/div>\n\t\t\t\t<\/div>\n\t\t","protected":false},"excerpt":{"rendered":"<p>Pol\u00edtica de cookies INFORMACI\u00d3N SOBRE COOKIES Conforme con la Ley 34\/2002, de 11 de julio, de servicios de la sociedad de la informaci\u00f3n y de comercio electr\u00f3nico (LSSI), en relaci\u00f3n con el Reglamento (UE) 2016\/679 del Parlamento Europeo y del Consejo, de 27 de abril de 2016, General de Protecci\u00f3n de Datos (GDPR) y la [&hellip;]<\/p>\n","protected":false},"author":2,"featured_media":0,"parent":0,"menu_order":0,"comment_status":"closed","ping_status":"closed","template":"","meta":{"_acf_changed":false,"footnotes":""},"class_list":["post-1131","page","type-page","status-publish","hentry"],"acf":[],"_links":{"self":[{"href":"https:\/\/visitbuger.com\/es\/wp-json\/wp\/v2\/pages\/1131","targetHints":{"allow":["GET"]}}],"collection":[{"href":"https:\/\/visitbuger.com\/es\/wp-json\/wp\/v2\/pages"}],"about":[{"href":"https:\/\/visitbuger.com\/es\/wp-json\/wp\/v2\/types\/page"}],"author":[{"embeddable":true,"href":"https:\/\/visitbuger.com\/es\/wp-json\/wp\/v2\/users\/2"}],"replies":[{"embeddable":true,"href":"https:\/\/visitbuger.com\/es\/wp-json\/wp\/v2\/comments?post=1131"}],"version-history":[{"count":1,"href":"https:\/\/visitbuger.com\/es\/wp-json\/wp\/v2\/pages\/1131\/revisions"}],"predecessor-version":[{"id":1132,"href":"https:\/\/visitbuger.com\/es\/wp-json\/wp\/v2\/pages\/1131\/revisions\/1132"}],"wp:attachment":[{"href":"https:\/\/visitbuger.com\/es\/wp-json\/wp\/v2\/media?parent=1131"}],"curies":[{"name":"wp","href":"https:\/\/api.w.org\/{rel}","templated":true}]}}