{"id":1117,"date":"2024-09-16T10:32:13","date_gmt":"2024-09-16T08:32:13","guid":{"rendered":"https:\/\/visitbuger.com\/rechtlicher-hinweis\/"},"modified":"2024-09-16T10:46:27","modified_gmt":"2024-09-16T08:46:27","slug":"rechtlicher-hinweis","status":"publish","type":"page","link":"https:\/\/visitbuger.com\/de\/rechtlicher-hinweis\/","title":{"rendered":"Rechtlicher Hinweis"},"content":{"rendered":"\t\t<div data-elementor-type=\"wp-page\" data-elementor-id=\"1117\" class=\"elementor elementor-1117 elementor-1111\" data-elementor-post-type=\"page\">\n\t\t\t\t<div class=\"elementor-element elementor-element-80cb00b e-flex e-con-boxed e-con e-parent\" data-id=\"80cb00b\" data-element_type=\"container\">\n\t\t\t\t\t<div class=\"e-con-inner\">\n\t\t\t\t<div class=\"elementor-element elementor-element-f332fce elementor-widget elementor-widget-heading\" data-id=\"f332fce\" data-element_type=\"widget\" data-widget_type=\"heading.default\">\n\t\t\t\t<div class=\"elementor-widget-container\">\n\t\t\t\t\t<h2 class=\"elementor-heading-title elementor-size-default\">Rechtlicher Hinweis<\/h2>\t\t\t\t<\/div>\n\t\t\t\t<\/div>\n\t\t\t\t<div class=\"elementor-element elementor-element-95b64ac elementor-widget elementor-widget-text-editor\" data-id=\"95b64ac\" data-element_type=\"widget\" data-widget_type=\"text-editor.default\">\n\t\t\t\t<div class=\"elementor-widget-container\">\n\t\t\t\t\t\t\t\t\t<p>Der Verantwortliche f\u00fcr die Website, im Folgenden VERANTWORTLICHER, stellt den Benutzern dieses Dokument zur Verf\u00fcgung, mit dem er die im Gesetz 34\/2002 vom 11. Juli \u00fcber Dienste der Informationsgesellschaft und des elektronischen Gesch\u00e4ftsverkehrs (LSSICE) festgelegten Verpflichtungen erf\u00fcllen m\u00f6chte. BOE Nr. 166, sowie Information aller Nutzer der Website \u00fcber die Nutzungsbedingungen.<\/p>\n<p>Jeder, der auf diese Website zugreift, \u00fcbernimmt die Rolle des Nutzers und verpflichtet sich zur strikten Einhaltung und Einhaltung der hier dargelegten Bestimmungen sowie aller anderen gegebenenfalls anwendbaren gesetzlichen Bestimmungen.<\/p>\n<p>Ajuntament de Buger beh\u00e4lt sich das Recht vor, jegliche Art von Informationen, die auf der Website erscheinen k\u00f6nnen, zu \u00e4ndern, ohne dass eine Verpflichtung zur Benachrichtigung oder Aufkl\u00e4rung der Benutzer \u00fcber diese Verpflichtungen besteht. Es wird davon ausgegangen, dass die Ver\u00f6ffentlichung auf der https-Website ausreichend ist: :\/\/visitbuger.com \/<\/p>\n<p>IDENTIFIZIERENDE DATEN<\/p>\n<p>Domainname: https:\/\/visitbuger.com\/<br> Handelsname: Rathaus Buger<br> Firmenname: Stadtrat von Buger<br> NIF:&nbsp;<span style=\"color: rgb(0, 0, 0); font-family: montserrat, sans-serif; font-size: 16px; background-color: rgb(255, 255, 255);\">P0700900D<\/span><br> Firmenanschrift:&nbsp;<span style=\"color: rgb(0, 0, 0); font-family: montserrat, sans-serif; font-size: 16px; background-color: rgb(255, 255, 255);\">PLA\u00c7A CONSTITUCI\u00d3, 1, 07311. B\u00daGER (Balearen) <\/span><br>Telefon: 971516146<\/p>\n<p>2. GEISTIGE UND GEWERBLICHE EIGENTUMSRECHTE<br> Die Website, einschlie\u00dflich, aber nicht beschr\u00e4nkt auf ihre Programmierung, Bearbeitung, Zusammenstellung und andere f\u00fcr ihren Betrieb erforderliche Elemente, die Designs, Logos, Texte und\/oder Grafiken, sind Eigentum des VERANTWORTLICHEN oder verf\u00fcgen gegebenenfalls \u00fcber eine Lizenz oder ausdr\u00fcckliche Genehmigung von den Autoren.<\/p>\n<p>Alle Inhalte der Website sind ordnungsgem\u00e4\u00df durch die Vorschriften zum geistigen und gewerblichen Eigentum gesch\u00fctzt und in den entsprechenden \u00f6ffentlichen Registern eingetragen.<\/p>\n<p>Unabh\u00e4ngig vom Zweck, f\u00fcr den sie bestimmt waren, bedarf die vollst\u00e4ndige oder teilweise Vervielf\u00e4ltigung, Nutzung, Verwertung, Verbreitung und Vermarktung in jedem Fall der vorherigen schriftlichen Genehmigung des VERANTWORTLICHEN. Jede nicht zuvor genehmigte Nutzung gilt als schwerwiegende Verletzung der geistigen oder gewerblichen Eigentumsrechte des Autors. <\/p>\n<p>Die Designs, Logos, Texte und\/oder Grafiken, die nicht VERANTWORTLICH sind und auf der Website erscheinen k\u00f6nnen, geh\u00f6ren ihren jeweiligen Eigent\u00fcmern und sind selbst f\u00fcr etwaige Kontroversen verantwortlich, die in Bezug auf sie entstehen k\u00f6nnen.<\/p>\n<p>Der VERANTWORTLICHE erkennt zugunsten seiner Inhaber die entsprechenden Rechte an geistigem und gewerblichem Eigentum an, ohne dass ihre blo\u00dfe Erw\u00e4hnung oder ihr Erscheinen auf der Website das Bestehen von Rechten oder Verantwortlichkeiten gegen\u00fcber ihnen impliziert, noch dass sie von ihnen unterst\u00fctzt, gesponsert oder empfohlen werden.<\/p>\n<p>Um etwaige Verst\u00f6\u00dfe gegen geistige oder gewerbliche Eigentumsrechte sowie den Inhalt der Website jeglicher Art zu bemerken, k\u00f6nnen Sie dies per E-Mail tun&nbsp; <span style=\"background-color: rgb(255, 255, 255); color: rgb(0, 0, 0); font-family: montserrat, sans-serif; font-size: 16px; font-weight: var( --e-global-typography-text-font-weight ); text-align: var(--text-align);\">Consultasjuridico@audidat.com<\/span><\/p>\n<p><span style=\"color: var( --e-global-color-text ); font-family: var( --e-global-typography-text-font-family ), Sans-serif; font-weight: var( --e-global-typography-text-font-weight ); text-align: var(--text-align);\">3. HAFTUNGSAUSSCHLUSS<\/span><\/p>\n<p>Der VERANTWORTLICHE ist von jeglicher Verantwortung befreit, die sich aus den auf seiner Website ver\u00f6ffentlichten Informationen ergibt, sofern diese Informationen von einem Dritten au\u00dferhalb seiner Website manipuliert oder eingegeben wurden.<\/p>\n<p>4. INHALT UND LINKS DER WEBSITE<\/p>\n<p>beh\u00e4lt sich das Recht vor, die auf seinen Webseiten enthaltenen Informationen zu aktualisieren, zu \u00e4ndern oder zu l\u00f6schen und kann sogar den Zugriff auf diese Informationen f\u00fcr bestimmte Benutzer einschr\u00e4nken oder verweigern.<br> \u00fcbernimmt keine Verantwortung f\u00fcr die Informationen auf Webseiten Dritter, auf die \u00fcber \u201eLinks\u201c oder Links von Webseiten von https:\/\/visitbuger.com\/ zugegriffen werden kann.<br> Das Vorhandensein von \u201eLinks\u201c oder Links auf den Webseiten von # hat einen rein informativen Zweck und stellt in keinem Fall eine Anregung, Einladung oder Empfehlung dazu dar.<\/p>\t\t\t\t\t\t\t\t<\/div>\n\t\t\t\t<\/div>\n\t\t\t\t\t<\/div>\n\t\t\t\t<\/div>\n\t\t\t\t<\/div>\n\t\t","protected":false},"excerpt":{"rendered":"<p>Rechtlicher Hinweis Der Verantwortliche f\u00fcr die Website, im Folgenden VERANTWORTLICHER, stellt den Benutzern dieses Dokument zur Verf\u00fcgung, mit dem er die im Gesetz 34\/2002 vom 11. Juli \u00fcber Dienste der Informationsgesellschaft und des elektronischen Gesch\u00e4ftsverkehrs (LSSICE) festgelegten Verpflichtungen erf\u00fcllen m\u00f6chte. BOE Nr. 166, sowie Information aller Nutzer der Website \u00fcber die Nutzungsbedingungen. Jeder, der auf [&hellip;]<\/p>\n","protected":false},"author":2,"featured_media":0,"parent":0,"menu_order":0,"comment_status":"closed","ping_status":"closed","template":"","meta":{"_acf_changed":false,"footnotes":""},"class_list":["post-1117","page","type-page","status-publish","hentry"],"acf":[],"_links":{"self":[{"href":"https:\/\/visitbuger.com\/de\/wp-json\/wp\/v2\/pages\/1117","targetHints":{"allow":["GET"]}}],"collection":[{"href":"https:\/\/visitbuger.com\/de\/wp-json\/wp\/v2\/pages"}],"about":[{"href":"https:\/\/visitbuger.com\/de\/wp-json\/wp\/v2\/types\/page"}],"author":[{"embeddable":true,"href":"https:\/\/visitbuger.com\/de\/wp-json\/wp\/v2\/users\/2"}],"replies":[{"embeddable":true,"href":"https:\/\/visitbuger.com\/de\/wp-json\/wp\/v2\/comments?post=1117"}],"version-history":[{"count":1,"href":"https:\/\/visitbuger.com\/de\/wp-json\/wp\/v2\/pages\/1117\/revisions"}],"predecessor-version":[{"id":1119,"href":"https:\/\/visitbuger.com\/de\/wp-json\/wp\/v2\/pages\/1117\/revisions\/1119"}],"wp:attachment":[{"href":"https:\/\/visitbuger.com\/de\/wp-json\/wp\/v2\/media?parent=1117"}],"curies":[{"name":"wp","href":"https:\/\/api.w.org\/{rel}","templated":true}]}}